{"id":11,"date":"2023-05-01T08:00:52","date_gmt":"2023-05-01T08:00:52","guid":{"rendered":"https:\/\/pusukala.net\/?page_id=11"},"modified":"2026-04-30T18:26:56","modified_gmt":"2026-04-30T18:26:56","slug":"minusta","status":"publish","type":"page","link":"https:\/\/pusukala.net\/index.php\/minusta\/","title":{"rendered":"Laulaja"},"content":{"rendered":"\n<p class=\"has-text-align-center\">Olen rakastanut laulamista jo lapsesta asti, vaikka olin tosi ujo laulamaan: en uskaltanut laulaa koskaan kenenk\u00e4\u00e4n kuullen. Hakiessani Savonlinnan taidelukioon 2010, lauloin p\u00e4\u00e4sykokeissa ensimm\u00e4ist\u00e4 kertaa koskaan julkisesti. Vaihdoin kolmantena vuotenani sivuaineeni klassisesta pianosta klassiseen lauluun. Viel\u00e4 t\u00e4ss\u00e4 vaiheessa laulaminen ei vienyt minua menness\u00e4\u00e4n, vaan valmistuin Savonlinnan taidelukiosta 2013 huilu p\u00e4\u00e4aineenani. Vasta laulamisen ytimeen p\u00e4\u00e4sin aloittaessani Joensuun konservatoriolla huilunsoiton opintoni syksyll\u00e4 2013. Aloitin klassisen laulun sivuaineenani ja ensimm\u00e4isell\u00e4 tunnilla tuolloinen opettajani, Raija Puhakka, lausui kriittiset sanat:<\/p>\n\n\n\n<blockquote class=\"wp-block-quote is-layout-flow wp-block-quote-is-layout-flow\">\n<p class=\"has-text-align-center has-medium-font-size\" style=\"font-style:normal;font-weight:400\"><em>&#8221;Sin\u00e4 olet laulaja, et huilisti.&#8221;<\/em><\/p>\n<\/blockquote>\n\n\n\n<p class=\"has-text-align-center\">Pitk\u00e4lti suorittaessani opintoja huilu p\u00e4\u00e4aineeni, tein my\u00f6s paljon lauluopintoja: osallistuin lied-kursseille, laulajien konsertteihin, kuoroihin ja lauluproduktioihin. Vasta vuonna 2016 aloitin virallisesti klassinen laulu p\u00e4\u00e4aineenani ja valmistuin muusikon perustutkinnosta joulukuussa 2017.<\/p>\n\n\n\n<p class=\"has-text-align-center\">Esiintyj\u00e4n\u00e4 olen vahva, ulosp\u00e4insuuntaunut, ehk\u00e4 jopa hieman h\u00e4ik\u00e4ilem\u00e4t\u00f6n persoona: en pelk\u00e4\u00e4 lavaa, nautin esiintymisen tuomasta j\u00e4nnityksest\u00e4. <\/p>\n\n\n\n<blockquote class=\"wp-block-quote is-layout-flow wp-block-quote-is-layout-flow\">\n<p class=\"has-text-align-center has-medium-font-size\" style=\"font-style:normal;font-weight:400\"><em>&#8221;<strong>&#8230;Heti Kimasen j\u00e4lkeen esiintynyt sopraano Iina Luukkonen vastasi ehk\u00e4p\u00e4 konsertin ulosp\u00e4in suuntautuneimmasta tuokiosta: Luukkosen laulama aaria Puccinin La Boh\u00e9mesta tavoitti tarvittavan tunnelman onnistuneesti. My\u00f6s \u00e4\u00e4nenlaatu ylsi monin paikoin oikein hyv\u00e4lle tasolle&#8230;<\/strong>&#8221; <\/em>Jyri Ojala, Karjalainen, 2017<\/p>\n<\/blockquote>\n\n\n\n<p class=\"has-text-align-center\">Ja yll\u00e4 mainitun Nuori solisti 2017-finaalin arvostelun konsertissa olin toipumassa vaikeasta influenssan j\u00e4lkitaudista. Vaikka olisin kuinka paljon sairastellut, olen aina osannut luottaa tekemiseeni ja tekniikaani.<\/p>\n\n\n\n<p class=\"has-text-align-center\">T\u00e4ll\u00e4 hetkell\u00e4 opettajanani toimii Anni-Mari Hilander. Opettajinani ovat toimineet mm. Chieko Okabe-Silvasti, Raija Puhakka sek\u00e4 Lilia Varnas. Olen saanut my\u00f6s ohjausta mm. Anneli Hynniselt\u00e4, Sirkku Wahlroos-Kaitilalta sek\u00e4 Kai Valtoselta sek\u00e4 olen osallistunut mm. Essi Luttisen ja Ulla Raiskion liedmestarikurssille.<\/p>\n\n\n\n<p class=\"has-text-align-center\">Syd\u00e4nt\u00e4ni l\u00e4hell\u00e4 olevat tyylilajit ovat verismi ja ven\u00e4l\u00e4iset romanssit. \u00c4\u00e4neni metallinen v\u00e4ri tulee oikeuksiin erityisesti ven\u00e4l\u00e4isiss\u00e4 romansseissa ja Puccinin dramaattisissa aarioissa. \u00c4\u00e4ness\u00e4ni l\u00f6ytyy Verdim\u00e4ist\u00e4 mahtipontisuutta, mutta my\u00f6s koloratuurimaista heleytt\u00e4.<\/p>\n\n\n\n<p class=\"has-text-align-center\">T\u00e4rkeimpiin solistisiin esiintymisiini kuulu ehdottomasti B-tutkintokonserttini, jossa lauloin 8 eri kielell\u00e4 laajalta \u00e4\u00e4nialalta vativan ohjelmiston. Alla p\u00e4\u00e4set kuuntelemaan kyseisen konsertin. Erityismainintoina <em>Danza, danza fanciulla gentile <\/em>(12:20) l\u00f6ytyy improvisoitu kadenssi, vahvaa rintarekisteri\u00e4 Musorgskin <em>Kirppulaulussa<\/em> (14:07) sek\u00e4 koloratuurisia yl\u00e4-\u00e4\u00e4ni\u00e4 <em>Fair Robin I love <\/em>(17:40).<\/p>\n\n\n\n<figure class=\"wp-block-embed aligncenter is-type-video is-provider-youtube wp-block-embed-youtube wp-embed-aspect-16-9 wp-has-aspect-ratio\"><div class=\"wp-block-embed__wrapper\">\n<iframe loading=\"lazy\" title=\"Lauluja maailmalta - Iina Luukkosen B-tutkintokonsertti\" width=\"925\" height=\"520\" src=\"https:\/\/www.youtube.com\/embed\/-spw8drNTN8?feature=oembed\" frameborder=\"0\" allow=\"accelerometer; autoplay; clipboard-write; encrypted-media; gyroscope; picture-in-picture; web-share\" referrerpolicy=\"strict-origin-when-cross-origin\" allowfullscreen><\/iframe>\n<\/div><figcaption class=\"wp-element-caption\">Lauluja maailmalta &#8211; Iina Luukkosen B-tutkintokonsertti, toukokuu 2022<\/figcaption><\/figure>\n\n\n\n<p><\/p>\n","protected":false},"excerpt":{"rendered":"<p>Olen rakastanut laulamista jo lapsesta asti, vaikka olin tosi ujo laulamaan: en uskaltanut laulaa koskaan kenenk\u00e4\u00e4n kuullen. Hakiessani Savonlinnan taidelukioon &hellip; <\/p>\n","protected":false},"author":1,"featured_media":113,"parent":0,"menu_order":0,"comment_status":"closed","ping_status":"closed","template":"","meta":{"footnotes":""},"class_list":["post-11","page","type-page","status-publish","has-post-thumbnail","hentry"],"_links":{"self":[{"href":"https:\/\/pusukala.net\/index.php\/wp-json\/wp\/v2\/pages\/11","targetHints":{"allow":["GET"]}}],"collection":[{"href":"https:\/\/pusukala.net\/index.php\/wp-json\/wp\/v2\/pages"}],"about":[{"href":"https:\/\/pusukala.net\/index.php\/wp-json\/wp\/v2\/types\/page"}],"author":[{"embeddable":true,"href":"https:\/\/pusukala.net\/index.php\/wp-json\/wp\/v2\/users\/1"}],"replies":[{"embeddable":true,"href":"https:\/\/pusukala.net\/index.php\/wp-json\/wp\/v2\/comments?post=11"}],"version-history":[{"count":21,"href":"https:\/\/pusukala.net\/index.php\/wp-json\/wp\/v2\/pages\/11\/revisions"}],"predecessor-version":[{"id":296,"href":"https:\/\/pusukala.net\/index.php\/wp-json\/wp\/v2\/pages\/11\/revisions\/296"}],"wp:featuredmedia":[{"embeddable":true,"href":"https:\/\/pusukala.net\/index.php\/wp-json\/wp\/v2\/media\/113"}],"wp:attachment":[{"href":"https:\/\/pusukala.net\/index.php\/wp-json\/wp\/v2\/media?parent=11"}],"curies":[{"name":"wp","href":"https:\/\/api.w.org\/{rel}","templated":true}]}}