{"id":13,"date":"2023-05-01T08:00:52","date_gmt":"2023-05-01T08:00:52","guid":{"rendered":"https:\/\/pusukala.net\/?page_id=13"},"modified":"2025-08-29T17:48:33","modified_gmt":"2025-08-29T17:48:33","slug":"yhteystiedot","status":"publish","type":"page","link":"https:\/\/pusukala.net\/index.php\/yhteystiedot\/","title":{"rendered":"Yhteystiedot"},"content":{"rendered":"\n<p class=\"has-text-align-center\">Ty\u00f6tarjoukset ja keikkapyynn\u00f6t voi l\u00e4hett\u00e4\u00e4 suoraan s\u00e4hk\u00f6postiini.  Pyrin vastaamaan s\u00e4hk\u00f6posteihin viel\u00e4 samana p\u00e4iv\u00e4n\u00e4, viimeist\u00e4\u00e4n seuraavana p\u00e4iv\u00e4n\u00e4.  <\/p>\n\n\n\n<ul class=\"wp-block-social-links aligncenter has-icon-color has-icon-background-color is-style-default is-content-justification-center is-layout-flex wp-container-core-social-links-is-layout-16018d1d wp-block-social-links-is-layout-flex\"><li style=\"color:#ffffff;background-color:#3962e3;\" class=\"wp-social-link wp-social-link-mail  wp-block-social-link\"><a href=\"mailto:&#105;&#105;n&#097;.&#105;.s&#117;u&#114;n&#097;&#107;&#107;&#105;&#064;&#103;&#109;&#097;il&#046;&#099;&#111;&#109;\" class=\"wp-block-social-link-anchor\"><svg width=\"24\" height=\"24\" viewBox=\"0 0 24 24\" version=\"1.1\" xmlns=\"http:\/\/www.w3.org\/2000\/svg\" aria-hidden=\"true\" focusable=\"false\"><path d=\"M19,5H5c-1.1,0-2,.9-2,2v10c0,1.1.9,2,2,2h14c1.1,0,2-.9,2-2V7c0-1.1-.9-2-2-2zm.5,12c0,.3-.2.5-.5.5H5c-.3,0-.5-.2-.5-.5V9.8l7.5,5.6,7.5-5.6V17zm0-9.1L12,13.6,4.5,7.9V7c0-.3.2-.5.5-.5h14c.3,0,.5.2.5.5v.9z\"><\/path><\/svg><span class=\"wp-block-social-link-label screen-reader-text\">S\u00e4hk\u00f6posti<\/span><\/a><\/li><\/ul>\n","protected":false},"excerpt":{"rendered":"<p>Ty\u00f6tarjoukset ja keikkapyynn\u00f6t voi l\u00e4hett\u00e4\u00e4 suoraan s\u00e4hk\u00f6postiini. Pyrin vastaamaan s\u00e4hk\u00f6posteihin viel\u00e4 samana p\u00e4iv\u00e4n\u00e4, viimeist\u00e4\u00e4n seuraavana p\u00e4iv\u00e4n\u00e4.<\/p>\n","protected":false},"author":1,"featured_media":0,"parent":0,"menu_order":0,"comment_status":"closed","ping_status":"closed","template":"","meta":{"footnotes":""},"class_list":["post-13","page","type-page","status-publish","hentry"],"_links":{"self":[{"href":"https:\/\/pusukala.net\/index.php\/wp-json\/wp\/v2\/pages\/13","targetHints":{"allow":["GET"]}}],"collection":[{"href":"https:\/\/pusukala.net\/index.php\/wp-json\/wp\/v2\/pages"}],"about":[{"href":"https:\/\/pusukala.net\/index.php\/wp-json\/wp\/v2\/types\/page"}],"author":[{"embeddable":true,"href":"https:\/\/pusukala.net\/index.php\/wp-json\/wp\/v2\/users\/1"}],"replies":[{"embeddable":true,"href":"https:\/\/pusukala.net\/index.php\/wp-json\/wp\/v2\/comments?post=13"}],"version-history":[{"count":13,"href":"https:\/\/pusukala.net\/index.php\/wp-json\/wp\/v2\/pages\/13\/revisions"}],"predecessor-version":[{"id":281,"href":"https:\/\/pusukala.net\/index.php\/wp-json\/wp\/v2\/pages\/13\/revisions\/281"}],"wp:attachment":[{"href":"https:\/\/pusukala.net\/index.php\/wp-json\/wp\/v2\/media?parent=13"}],"curies":[{"name":"wp","href":"https:\/\/api.w.org\/{rel}","templated":true}]}}