{"id":28,"date":"2023-05-01T08:09:51","date_gmt":"2023-05-01T08:09:51","guid":{"rendered":"https:\/\/pusukala.net\/?page_id=28"},"modified":"2026-04-30T18:31:51","modified_gmt":"2026-04-30T18:31:51","slug":"produktiot","status":"publish","type":"page","link":"https:\/\/pusukala.net\/index.php\/produktiot\/","title":{"rendered":"Produktiot"},"content":{"rendered":"\n<p class=\"has-text-align-center has-medium-font-size\"><strong>OOPPERAROOLIT<\/strong><\/p>\n\n\n\n<p class=\"has-text-align-center\"><strong>Pietro Mascagni: Cavalleria rusticana <\/strong>sek\u00e4 <strong>Ruggero Leoncavallo: Pajazzo<\/strong><br>1. sopraano (kuoro)<br>Produktion tuotti \u00c5bo Svenska Teater yhteisty\u00f6n\u00e4 Turun ammattikorkeakoulun sek\u00e4 Turun konservatorion kanssa. Produktion p\u00e4\u00e4rooleissa mm. Heikki Kilpel\u00e4inen, Aldo di Toro, Sam Furness, Essi Luttinen sek\u00e4 P\u00e4ivi Nisula.<br><em>\u00c5bo Svenska Teater, Turku huhti-toukokuu 2022<\/em><\/p>\n\n\n\n<p class=\"has-text-align-center\"><strong>Giacomo Puccini: Suor Angelica<\/strong><br>Suor Angelica (cover rooli) sek\u00e4 1. sopraano (kuoro)<br>Produktio toteutettiin yhdess\u00e4 Turun Oopperakammarin, Turun ammattikorkeakoulun sek\u00e4 Turun konservatorion yhteisproduktiona. P\u00e4\u00e4rooleissa mm. Margit Westerlund sek\u00e4 Annukka Kuivisto.<br><em>Martinkirkko, Turku joulukuu 2021<\/em><\/p>\n\n\n\n<p class=\"has-text-align-center\"><strong>Ilkka Kuusisto: Miehen kylkiluu <\/strong><br>Miina Salokannel<br><em>Joensuun konservatorio, toukokuu 2018<\/em><\/p>\n\n\n\n<p class=\"has-text-align-center\">N\u00e4iden edell\u00e4 mainittujen lis\u00e4ksi ty\u00f6n alla ovat  mm. seuraavat roolit:<br><strong>Manon Lascaut \u2013 <\/strong>Manon Lascaut<br><strong>Cavalleria rusticana \u2013 <\/strong>Santuzza<br><\/p>\n\n\n\n<p><\/p>\n\n\n\n<p class=\"has-text-align-center has-medium-font-size\"><strong>KANTAATIT JA MESSUT<\/strong> <strong>KUOROLAISENA<\/strong><\/p>\n\n\n\n<p class=\"has-text-align-center\"><strong>J.S.Bach: Johannes passio<\/strong><br>altto <br><em>Kuopion tuomiokirkko, maaliskuu 2026<\/em><\/p>\n\n\n\n<p class=\"has-text-align-center\"><strong>G.F.H\u00e4ndel: Messias<\/strong>-oratiorio<br>altto <br><em>Kuopion tuomikirkko, joulukuu 2025<\/em><\/p>\n\n\n\n<p class=\"has-text-align-center\"><strong>Johannes Brahms: ein Deutsches Requiem<\/strong><br>1.sopraano <br><em>Joensuun kirkko, huhtikuu 2025<\/em><\/p>\n\n\n\n<p class=\"has-text-align-center\"><strong>Anton\u00edn Dvo<strong>\u0159<\/strong>\u00e1k: D-duuri messu<\/strong><br>1.sopraano <br><em>Rantakyl\u00e4n kirkko, toukokuu 2023<\/em><\/p>\n\n\n\n<p class=\"has-text-align-center\"><strong>Dietrich Buxtehude: Das neugeborne Kinderlein<\/strong><br>1. sopraano<br>Esitetty osana Canzonetta kuoron 50-vuotisjuhlakonserttia.<br><em>Joensuun p\u00e4\u00e4kirkko, tammikuu 2023<\/em><\/p>\n\n\n\n<p class=\"has-text-align-center\"><strong>Nicolaus Bruhns: Ich liege und schlafe<\/strong><br>altto<br><em>Martinkirkko, Turku, joulukuussa 2020<\/em><br><\/p>\n","protected":false},"excerpt":{"rendered":"<p>OOPPERAROOLIT Pietro Mascagni: Cavalleria rusticana sek\u00e4 Ruggero Leoncavallo: Pajazzo1. sopraano (kuoro)Produktion tuotti \u00c5bo Svenska Teater yhteisty\u00f6n\u00e4 Turun ammattikorkeakoulun sek\u00e4 Turun &hellip; <\/p>\n","protected":false},"author":1,"featured_media":115,"parent":0,"menu_order":0,"comment_status":"closed","ping_status":"closed","template":"","meta":{"footnotes":""},"class_list":["post-28","page","type-page","status-publish","has-post-thumbnail","hentry"],"_links":{"self":[{"href":"https:\/\/pusukala.net\/index.php\/wp-json\/wp\/v2\/pages\/28","targetHints":{"allow":["GET"]}}],"collection":[{"href":"https:\/\/pusukala.net\/index.php\/wp-json\/wp\/v2\/pages"}],"about":[{"href":"https:\/\/pusukala.net\/index.php\/wp-json\/wp\/v2\/types\/page"}],"author":[{"embeddable":true,"href":"https:\/\/pusukala.net\/index.php\/wp-json\/wp\/v2\/users\/1"}],"replies":[{"embeddable":true,"href":"https:\/\/pusukala.net\/index.php\/wp-json\/wp\/v2\/comments?post=28"}],"version-history":[{"count":33,"href":"https:\/\/pusukala.net\/index.php\/wp-json\/wp\/v2\/pages\/28\/revisions"}],"predecessor-version":[{"id":300,"href":"https:\/\/pusukala.net\/index.php\/wp-json\/wp\/v2\/pages\/28\/revisions\/300"}],"wp:featuredmedia":[{"embeddable":true,"href":"https:\/\/pusukala.net\/index.php\/wp-json\/wp\/v2\/media\/115"}],"wp:attachment":[{"href":"https:\/\/pusukala.net\/index.php\/wp-json\/wp\/v2\/media?parent=28"}],"curies":[{"name":"wp","href":"https:\/\/api.w.org\/{rel}","templated":true}]}}