{"id":94,"date":"2023-05-01T10:32:23","date_gmt":"2023-05-01T10:32:23","guid":{"rendered":"https:\/\/pusukala.net\/?page_id=94"},"modified":"2026-04-30T18:16:44","modified_gmt":"2026-04-30T18:16:44","slug":"testi","status":"publish","type":"page","link":"https:\/\/pusukala.net\/","title":{"rendered":""},"content":{"rendered":"\n<div class=\"wp-block-columns is-layout-flex wp-container-core-columns-is-layout-9d6595d7 wp-block-columns-is-layout-flex\">\n<div class=\"wp-block-column is-layout-flow wp-block-column-is-layout-flow\" style=\"flex-basis:100%\">\n<p class=\"has-text-align-center has-medium-font-size\">Olen <strong>Iina Suurn\u00e4kki<\/strong> (os. Luukkonen), Pohjois-Karjalassa toimiva musiikin moniosaaja, erikoistunut klassisen lauluun opetukseen, puhe\u00e4\u00e4nen ongelmiin sek\u00e4 laulupeloista johtuvien lukkojen avaamiseen. Kokemusta minulta l\u00f6ytyy my\u00f6s mm. musiikkikasvatuksesta varhaiskasvatuksessa sek\u00e4 kuoronjohtajuudesta. <strong>T\u00e4ll\u00e4 hetkell\u00e4 toimin Joensuun seudun kansalaisopistolla laulunopettajana ja kuoronjohtajana sek\u00e4 opiskelen Sibelius Akatemiassa kirkkomusiikkia.<\/strong><\/p>\n\n\n\n<p class=\"has-text-align-center has-medium-font-size\">Klassisen laulun opettajana minulla on kokemusta my\u00f6s kevyeen musiikin tyylilajeista. Klassisen laulun lis\u00e4ksi olen opettanut vuosia my\u00f6s pop\/jazz laulua. Kaikki tyylilajit ovat tunneilla tervetulleita aina keskiaikaisesta laulusta nykymusiikkiin. Erityisesti syd\u00e4nt\u00e4ni l\u00e4hell\u00e4 ovat mm. musikaalit sek\u00e4 raskaampi metalli.Kuoronjohtajana minulla kokemusta sek\u00e4 nais- ett\u00e4 sekakuoroista.<\/p>\n<\/div>\n<\/div>\n\n\n\n<p class=\"has-text-align-center\"><strong>T\u00e4ll\u00e4 hetkell\u00e4 en valitettavasti voi ottaa yksityisesti oppilaita, mutta olet aina tervetullut tunneilleni Joensuun seudun kansalaisopiston kautta. <\/strong><\/p>\n\n\n\n<p class=\"has-text-align-center has-medium-font-size\"><em><strong>&#8221;<\/strong>Jokaisen tulisi k\u00e4yd\u00e4 edes kerran el\u00e4ess\u00e4\u00e4n laulutunnilla.&#8221;<\/em><\/p>\n\n\n\n<blockquote class=\"wp-block-quote is-style-default is-layout-flow wp-block-quote-is-layout-flow\">\n<p><\/p>\n<\/blockquote>\n","protected":false},"excerpt":{"rendered":"<p>Olen Iina Suurn\u00e4kki (os. Luukkonen), Pohjois-Karjalassa toimiva musiikin moniosaaja, erikoistunut klassisen lauluun opetukseen, puhe\u00e4\u00e4nen ongelmiin sek\u00e4 laulupeloista johtuvien lukkojen avaamiseen. &hellip; <\/p>\n","protected":false},"author":1,"featured_media":0,"parent":0,"menu_order":0,"comment_status":"closed","ping_status":"closed","template":"","meta":{"footnotes":""},"class_list":["post-94","page","type-page","status-publish","hentry"],"_links":{"self":[{"href":"https:\/\/pusukala.net\/index.php\/wp-json\/wp\/v2\/pages\/94","targetHints":{"allow":["GET"]}}],"collection":[{"href":"https:\/\/pusukala.net\/index.php\/wp-json\/wp\/v2\/pages"}],"about":[{"href":"https:\/\/pusukala.net\/index.php\/wp-json\/wp\/v2\/types\/page"}],"author":[{"embeddable":true,"href":"https:\/\/pusukala.net\/index.php\/wp-json\/wp\/v2\/users\/1"}],"replies":[{"embeddable":true,"href":"https:\/\/pusukala.net\/index.php\/wp-json\/wp\/v2\/comments?post=94"}],"version-history":[{"count":28,"href":"https:\/\/pusukala.net\/index.php\/wp-json\/wp\/v2\/pages\/94\/revisions"}],"predecessor-version":[{"id":294,"href":"https:\/\/pusukala.net\/index.php\/wp-json\/wp\/v2\/pages\/94\/revisions\/294"}],"wp:attachment":[{"href":"https:\/\/pusukala.net\/index.php\/wp-json\/wp\/v2\/media?parent=94"}],"curies":[{"name":"wp","href":"https:\/\/api.w.org\/{rel}","templated":true}]}}